{"id":392,"date":"2025-02-04T09:15:22","date_gmt":"2025-02-04T08:15:22","guid":{"rendered":"https:\/\/theotherspaintours.com\/contact-us\/"},"modified":"2025-09-09T17:36:30","modified_gmt":"2025-09-09T15:36:30","slug":"contact-us","status":"publish","type":"page","link":"https:\/\/theotherspaintours.com\/es\/contact-us\/","title":{"rendered":"Contacto"},"content":{"rendered":"<div id=\"M13-block_78223e81261bbd4410f9896bf8331f92\" class=\"M13\" style=\"background-color: ;color:\">\r\n\r\n    <div class=\"container\">\r\n        <div class=\"row\">\r\n            <div class=\"col-12 col-lg-5 order-2 order-lg-2\">\r\n                <div class=\"cta right\">\r\n                    <div class=\"superior\">\r\n                        <div class=\"actions\">\r\n                                                            <div class=\"call\"><p>Ll\u00e1manos<\/p>\n<p><a href=\"tel:+34 686 983 966\">+34686983966<\/a><\/p>\n<\/div>\r\n                                                                                        <div class=\"write\"><p>Escr\u00edbenos<\/p>\n<p><a href=\"mailto:hola@theotherspaintours.com\">hola@theotherspaintours.com<\/a><\/p>\n<\/div>\r\n                                                    <\/div>\r\n                        <div class=\"ctaText\"><p>Si tienes alguna duda, ponte en contacto con nosotros.<\/p>\n<\/div>\r\n                    <\/div>\r\n                                            <div class=\"sections\">\r\n                                                            <div class=\"section v01\">\r\n                                                                            <div class=\"title\">De lunes a domingo<\/div>\r\n                                                                                                                <div class=\"text_lines\">\r\n                                                                                            <div class=\"text_line\">\r\n                                                    <div class=\"left\">9:00 am &#8211; 7:00 pm<\/div>\r\n                                                    <div class=\"right\">CET (UTC+01:00) <\/div>\r\n                                                <\/div>\r\n                                                                                    <\/div>\r\n                                                                    <\/div>\r\n                                                    <\/div>\r\n                                    <\/div>\r\n            <\/div>\r\n            <div class=\"col-12 col-lg-7\">\r\n                <div class=\"form no-validate order-1\">\r\n                    <div class=\"title\"><h1>Ll\u00e1manos<span style=\"color: #e6673d;\"> <em>directamente<\/em><\/span><\/h1>\n<\/div>\r\n                    <div class=\"text\"><p>Escr\u00edbenos y te contestaremos lo antes posible<\/p>\n<\/div>\r\n                    \n<div class=\"wpcf7 no-js\" id=\"wpcf7-f2916-o1\" lang=\"es-ES\" dir=\"ltr\" data-wpcf7-id=\"2916\">\n<div class=\"screen-reader-response\"><p role=\"status\" aria-live=\"polite\" aria-atomic=\"true\"><\/p> <ul><\/ul><\/div>\n<form action=\"\/es\/wp-json\/wp\/v2\/pages\/392#wpcf7-f2916-o1\" method=\"post\" class=\"wpcf7-form init\" aria-label=\"Formulario de contacto\" novalidate=\"novalidate\" data-status=\"init\">\n<fieldset class=\"hidden-fields-container\"><input type=\"hidden\" name=\"_wpcf7\" value=\"2916\" \/><input type=\"hidden\" name=\"_wpcf7_version\" value=\"6.1.5\" \/><input type=\"hidden\" name=\"_wpcf7_locale\" value=\"es_ES\" \/><input type=\"hidden\" name=\"_wpcf7_unit_tag\" value=\"wpcf7-f2916-o1\" \/><input type=\"hidden\" name=\"_wpcf7_container_post\" value=\"0\" \/><input type=\"hidden\" name=\"_wpcf7_posted_data_hash\" value=\"\" \/><input type=\"hidden\" name=\"_wpcf7_recaptcha_response\" value=\"\" \/>\n<\/fieldset>\n<input class=\"wpcf7-form-control wpcf7-hidden\" value=\"Contact us\" type=\"hidden\" name=\"your-subject\" \/>\n<p class=\"discalimer\">Todos los campos son obligatorios, excepto los marcados como opcionales\n<\/p>\n<div class=\"sectionTitle\">\n\t<p>Acerca de ti\n\t<\/p>\n<\/div>\n<div class=\"half\">\n\t<div class=\"label\">\n\t\t<p><label for=\"first-name\" class=\"hover\">Nombre<\/label><br \/>\n<span class=\"wpcf7-form-control-wrap\" data-name=\"first-name\"><input size=\"40\" maxlength=\"400\" class=\"wpcf7-form-control wpcf7-text\" id=\"first-name\" aria-invalid=\"false\" placeholder=\"\" value=\"\" type=\"text\" name=\"first-name\" \/><\/span>\n\t\t<\/p>\n\t<\/div>\n\t<div class=\"label\">\n\t\t<p><label for=\"surname\" class=\"hover\">Apellido<\/label><br \/>\n<span class=\"wpcf7-form-control-wrap\" data-name=\"surname\"><input size=\"40\" maxlength=\"400\" class=\"wpcf7-form-control wpcf7-text\" id=\"surname\" aria-invalid=\"false\" placeholder=\"\" value=\"\" type=\"text\" name=\"surname\" \/><\/span>\n\t\t<\/p>\n\t<\/div>\n<\/div>\n<div class=\"half\">\n\t<div class=\"label\">\n\t\t<p><label for=\"your-email\" class=\"hover\">Email<\/label><br \/>\n<span class=\"wpcf7-form-control-wrap\" data-name=\"your-email\"><input size=\"40\" maxlength=\"400\" class=\"wpcf7-form-control wpcf7-email wpcf7-validates-as-required wpcf7-text wpcf7-validates-as-email\" id=\"your-email\" aria-required=\"true\" aria-invalid=\"false\" placeholder=\"\" value=\"\" type=\"email\" name=\"your-email\" \/><\/span>\n\t\t<\/p>\n\t<\/div>\n\t<div class=\"label\">\n\t\t<p><label for=\"subject\" class=\"hover\">Asunto (opcional)<\/label><br \/>\n<span class=\"wpcf7-form-control-wrap\" data-name=\"subject\"><input size=\"40\" maxlength=\"400\" class=\"wpcf7-form-control wpcf7-text\" id=\"subject\" aria-invalid=\"false\" placeholder=\"\" value=\"\" type=\"text\" name=\"subject\" \/><\/span>\n\t\t<\/p>\n\t<\/div>\n<\/div>\n<div class=\"separator\">\n<\/div>\n<div class=\"sectionTitle\">\n\t<p>Acerca de tu solicitud\n\t<\/p>\n<\/div>\n<div class=\"half\">\n\t<div class=\"label\">\n\t\t<p><span class=\"wpcf7-form-control-wrap\" data-name=\"departure-location\"><select class=\"wpcf7-form-control wpcf7-select\" aria-invalid=\"false\" name=\"departure-location\"><option value=\"\">Lugar de salida<\/option><option value=\"Madrid\">Madrid<\/option><option value=\"San Sebasti\u00e1n\">San Sebasti\u00e1n<\/option><option value=\"Santiago de Compostela\">Santiago de Compostela<\/option><option value=\"Sevilla\">Sevilla<\/option><\/select><\/span>\n\t\t<\/p>\n\t<\/div>\n\t<div class=\"label\">\n\t\t<p><span class=\"wpcf7-form-control-wrap\" data-name=\"tour\"><select class=\"wpcf7-form-control wpcf7-select\" aria-invalid=\"false\" name=\"tour\"><option value=\"\">Tour<\/option><option value=\"4235\">Galicia, R\u00edas Baixas<\/option><option value=\"4188\">La Ribeira Sacra, tierra de vino y monasterios<\/option><option value=\"4140\">La Coru\u00f1a, Costa da Morte y Finisterre<\/option><option value=\"4549\">San Sebasti\u00e1n, Flysch y Getaria<\/option><option value=\"4503\">Pa\u00eds Vasco Franc\u00e9s en un d\u00eda<\/option><option value=\"4265\">Bilbao y San Juan de Gaztelugatxe en un d\u00eda<\/option><option value=\"1771\">Toledo, la Ciudad de las Tres Culturas<\/option><option value=\"2414\">Toledo medio d\u00eda, La Ciudad de las Tres Culturas, Patrimonio de la Humanidad por la UNESCO\u00a0<\/option><option value=\"2137\">\u00c1vila y Segovia, Patrimonio a cada paso<\/option><option value=\"2223\">Cuenca, Joya medieval Patrimonio de la Humanidad por la UNESCO<\/option><option value=\"2364\">Sig\u00fcenza, Ciudad medieval entre las m\u00e1s bonitas de Espa\u00f1a<\/option><option value=\"2418\">La Granja y Pedraza, de la Corte a la Villa Medieval<\/option><option value=\"2428\">El Escorial y Valle de los Ca\u00eddos, medio d\u00eda<\/option><option value=\"2729\">Valladolid y Ribera del Duero<\/option><option value=\"4640\">Ronda y los Pueblos Blancos en un d\u00eda<\/option><option value=\"4592\">C\u00f3rdoba en un d\u00eda<\/option><option value=\"4586\">C\u00e1diz y Jerez de la Frontera<\/option><\/select><\/span>\n\t\t<\/p>\n\t<\/div>\n<\/div>\n<div class=\"label\">\n\t<p><label for=\"message\" class=\"hover\">Comparta con nosotros algunos detalles sobre su consulta<\/label><br \/>\n<span class=\"wpcf7-form-control-wrap\" data-name=\"message\"><textarea cols=\"40\" rows=\"10\" maxlength=\"2000\" class=\"wpcf7-form-control wpcf7-textarea\" id=\"message\" aria-invalid=\"false\" placeholder=\"\" name=\"message\"><\/textarea><\/span>\n\t<\/p>\n<\/div>\n<div class=\"legal_submit\">\n\t<p><span class=\"wpcf7-form-control-wrap\" data-name=\"acceptance\"><span class=\"wpcf7-form-control wpcf7-acceptance\"><span class=\"wpcf7-list-item\"><label><input type=\"checkbox\" name=\"acceptance\" value=\"1\" aria-invalid=\"false\" \/><span class=\"wpcf7-list-item-label\">He le\u00eddo y acepto el <a href=\"\/legal-disclaimer\/\">Aviso Legal<\/a> y la <a href=\"\/privacy-policy\/\">Pol\u00edtica de Privacidad<\/a><\/span><\/label><\/span><\/span><\/span><br \/>\n<input class=\"wpcf7-form-control wpcf7-submit has-spinner\" type=\"submit\" value=\"Enviar solicitud\" \/>\n\t<\/p>\n<\/div><div class=\"wpcf7-response-output\" aria-hidden=\"true\"><\/div>\n<\/form>\n<\/div>\n                <\/div>\r\n                <div class=\"success\">\r\n                    <div class=\"title\"><\/div>\r\n                    <div class=\"text\"><\/div>\r\n                <\/div>\r\n            <\/div>\r\n        <\/div>\r\n    <\/div>\r\n\r\n    <style>\r\n    #M13-block_78223e81261bbd4410f9896bf8331f92 {\r\n        margin-top:px;\r\n        margin-bottom:px;\r\n        padding-top:px;\r\n        padding-bottom:px\r\n    }\r\n    @media screen and (max-width: 768px) {\r\n    #M13-block_78223e81261bbd4410f9896bf8331f92 {\r\n        margin-top:px;\r\n        margin-bottom:px;\r\n        padding-top:px;\r\n        padding-bottom:px;\r\n    }\r\n    }\r\n<\/style><\/div>\r\n","protected":false},"excerpt":{"rendered":"","protected":false},"author":2,"featured_media":0,"parent":0,"menu_order":0,"comment_status":"closed","ping_status":"closed","template":"","meta":{"_acf_changed":false,"footnotes":""},"class_list":["post-392","page","type-page","status-publish","hentry"],"acf":[],"yoast_head":"<!-- This site is optimized with the Yoast SEO plugin v27.4 - https:\/\/yoast.com\/product\/yoast-seo-wordpress\/ -->\n<title>Contacto - The Other Spain<\/title>\n<meta name=\"robots\" content=\"index, follow, max-snippet:-1, max-image-preview:large, max-video-preview:-1\" \/>\n<link rel=\"canonical\" href=\"https:\/\/theotherspaintours.com\/es\/contact-us\/\" \/>\n<meta property=\"og:locale\" content=\"es_ES\" \/>\n<meta property=\"og:type\" content=\"article\" \/>\n<meta property=\"og:title\" content=\"Contacto - The Other Spain\" \/>\n<meta property=\"og:url\" content=\"https:\/\/theotherspaintours.com\/es\/contact-us\/\" \/>\n<meta property=\"og:site_name\" content=\"The Other Spain\" \/>\n<meta property=\"article:modified_time\" content=\"2025-09-09T15:36:30+00:00\" \/>\n<meta property=\"og:image\" content=\"https:\/\/theotherspaintours.com\/wp-content\/uploads\/2025\/09\/spain-naranja.webp\" \/>\n\t<meta property=\"og:image:width\" content=\"1201\" \/>\n\t<meta property=\"og:image:height\" content=\"631\" \/>\n\t<meta property=\"og:image:type\" content=\"image\/webp\" \/>\n<meta name=\"twitter:card\" content=\"summary_large_image\" \/>\n<script type=\"application\/ld+json\" class=\"yoast-schema-graph\">{\"@context\":\"https:\\\/\\\/schema.org\",\"@graph\":[{\"@type\":\"WebPage\",\"@id\":\"https:\\\/\\\/theotherspaintours.com\\\/es\\\/contact-us\\\/\",\"url\":\"https:\\\/\\\/theotherspaintours.com\\\/es\\\/contact-us\\\/\",\"name\":\"Contacto - The Other Spain\",\"isPartOf\":{\"@id\":\"https:\\\/\\\/theotherspaintours.com\\\/es\\\/#website\"},\"datePublished\":\"2025-02-04T08:15:22+00:00\",\"dateModified\":\"2025-09-09T15:36:30+00:00\",\"breadcrumb\":{\"@id\":\"https:\\\/\\\/theotherspaintours.com\\\/es\\\/contact-us\\\/#breadcrumb\"},\"inLanguage\":\"es\",\"potentialAction\":[{\"@type\":\"ReadAction\",\"target\":[\"https:\\\/\\\/theotherspaintours.com\\\/es\\\/contact-us\\\/\"]}]},{\"@type\":\"BreadcrumbList\",\"@id\":\"https:\\\/\\\/theotherspaintours.com\\\/es\\\/contact-us\\\/#breadcrumb\",\"itemListElement\":[{\"@type\":\"ListItem\",\"position\":1,\"name\":\"Portada\",\"item\":\"https:\\\/\\\/theotherspaintours.com\\\/es\\\/home\\\/\"},{\"@type\":\"ListItem\",\"position\":2,\"name\":\"Contacto\"}]},{\"@type\":\"WebSite\",\"@id\":\"https:\\\/\\\/theotherspaintours.com\\\/es\\\/#website\",\"url\":\"https:\\\/\\\/theotherspaintours.com\\\/es\\\/\",\"name\":\"The Other Spain\",\"description\":\"Another way to discover Spain\",\"publisher\":{\"@id\":\"https:\\\/\\\/theotherspaintours.com\\\/es\\\/#organization\"},\"potentialAction\":[{\"@type\":\"SearchAction\",\"target\":{\"@type\":\"EntryPoint\",\"urlTemplate\":\"https:\\\/\\\/theotherspaintours.com\\\/es\\\/?s={search_term_string}\"},\"query-input\":{\"@type\":\"PropertyValueSpecification\",\"valueRequired\":true,\"valueName\":\"search_term_string\"}}],\"inLanguage\":\"es\"},{\"@type\":\"Organization\",\"@id\":\"https:\\\/\\\/theotherspaintours.com\\\/es\\\/#organization\",\"name\":\"The Other Spain\",\"url\":\"https:\\\/\\\/theotherspaintours.com\\\/es\\\/\",\"logo\":{\"@type\":\"ImageObject\",\"inLanguage\":\"es\",\"@id\":\"https:\\\/\\\/theotherspaintours.com\\\/es\\\/#\\\/schema\\\/logo\\\/image\\\/\",\"url\":\"https:\\\/\\\/theotherspaintours.com\\\/wp-content\\\/uploads\\\/2025\\\/02\\\/header-logo.png\",\"contentUrl\":\"https:\\\/\\\/theotherspaintours.com\\\/wp-content\\\/uploads\\\/2025\\\/02\\\/header-logo.png\",\"width\":48,\"height\":42,\"caption\":\"The Other Spain\"},\"image\":{\"@id\":\"https:\\\/\\\/theotherspaintours.com\\\/es\\\/#\\\/schema\\\/logo\\\/image\\\/\"}}]}<\/script>\n<!-- \/ Yoast SEO plugin. -->","yoast_head_json":{"title":"Contacto - The Other Spain","robots":{"index":"index","follow":"follow","max-snippet":"max-snippet:-1","max-image-preview":"max-image-preview:large","max-video-preview":"max-video-preview:-1"},"canonical":"https:\/\/theotherspaintours.com\/es\/contact-us\/","og_locale":"es_ES","og_type":"article","og_title":"Contacto - The Other Spain","og_url":"https:\/\/theotherspaintours.com\/es\/contact-us\/","og_site_name":"The Other Spain","article_modified_time":"2025-09-09T15:36:30+00:00","og_image":[{"width":1201,"height":631,"url":"https:\/\/theotherspaintours.com\/wp-content\/uploads\/2025\/09\/spain-naranja.webp","type":"image\/webp"}],"twitter_card":"summary_large_image","schema":{"@context":"https:\/\/schema.org","@graph":[{"@type":"WebPage","@id":"https:\/\/theotherspaintours.com\/es\/contact-us\/","url":"https:\/\/theotherspaintours.com\/es\/contact-us\/","name":"Contacto - The Other Spain","isPartOf":{"@id":"https:\/\/theotherspaintours.com\/es\/#website"},"datePublished":"2025-02-04T08:15:22+00:00","dateModified":"2025-09-09T15:36:30+00:00","breadcrumb":{"@id":"https:\/\/theotherspaintours.com\/es\/contact-us\/#breadcrumb"},"inLanguage":"es","potentialAction":[{"@type":"ReadAction","target":["https:\/\/theotherspaintours.com\/es\/contact-us\/"]}]},{"@type":"BreadcrumbList","@id":"https:\/\/theotherspaintours.com\/es\/contact-us\/#breadcrumb","itemListElement":[{"@type":"ListItem","position":1,"name":"Portada","item":"https:\/\/theotherspaintours.com\/es\/home\/"},{"@type":"ListItem","position":2,"name":"Contacto"}]},{"@type":"WebSite","@id":"https:\/\/theotherspaintours.com\/es\/#website","url":"https:\/\/theotherspaintours.com\/es\/","name":"The Other Spain","description":"Another way to discover Spain","publisher":{"@id":"https:\/\/theotherspaintours.com\/es\/#organization"},"potentialAction":[{"@type":"SearchAction","target":{"@type":"EntryPoint","urlTemplate":"https:\/\/theotherspaintours.com\/es\/?s={search_term_string}"},"query-input":{"@type":"PropertyValueSpecification","valueRequired":true,"valueName":"search_term_string"}}],"inLanguage":"es"},{"@type":"Organization","@id":"https:\/\/theotherspaintours.com\/es\/#organization","name":"The Other Spain","url":"https:\/\/theotherspaintours.com\/es\/","logo":{"@type":"ImageObject","inLanguage":"es","@id":"https:\/\/theotherspaintours.com\/es\/#\/schema\/logo\/image\/","url":"https:\/\/theotherspaintours.com\/wp-content\/uploads\/2025\/02\/header-logo.png","contentUrl":"https:\/\/theotherspaintours.com\/wp-content\/uploads\/2025\/02\/header-logo.png","width":48,"height":42,"caption":"The Other Spain"},"image":{"@id":"https:\/\/theotherspaintours.com\/es\/#\/schema\/logo\/image\/"}}]}},"_links":{"self":[{"href":"https:\/\/theotherspaintours.com\/es\/wp-json\/wp\/v2\/pages\/392","targetHints":{"allow":["GET"]}}],"collection":[{"href":"https:\/\/theotherspaintours.com\/es\/wp-json\/wp\/v2\/pages"}],"about":[{"href":"https:\/\/theotherspaintours.com\/es\/wp-json\/wp\/v2\/types\/page"}],"author":[{"embeddable":true,"href":"https:\/\/theotherspaintours.com\/es\/wp-json\/wp\/v2\/users\/2"}],"replies":[{"embeddable":true,"href":"https:\/\/theotherspaintours.com\/es\/wp-json\/wp\/v2\/comments?post=392"}],"version-history":[{"count":0,"href":"https:\/\/theotherspaintours.com\/es\/wp-json\/wp\/v2\/pages\/392\/revisions"}],"wp:attachment":[{"href":"https:\/\/theotherspaintours.com\/es\/wp-json\/wp\/v2\/media?parent=392"}],"curies":[{"name":"wp","href":"https:\/\/api.w.org\/{rel}","templated":true}]}}