{"id":2608,"date":"2025-02-04T09:16:58","date_gmt":"2025-02-04T08:16:58","guid":{"rendered":"https:\/\/theotherspaintours.com\/?page_id=2608"},"modified":"2025-09-04T10:52:09","modified_gmt":"2025-09-04T08:52:09","slug":"aviso-legal","status":"publish","type":"page","link":"https:\/\/theotherspaintours.com\/es\/aviso-legal\/","title":{"rendered":"Aviso Legal"},"content":{"rendered":"<div id=\"M04-block_6d66459a97ff80f79b3c694dc522f537\" class=\"M04\">\r\n            <div class=\"v03\" style='background-color:#f7f6f2'>\r\n                        <div class=\"container\">\r\n                <div class=\"row\">\r\n                    <div class=\"col-12\">\r\n                        <div class=\"content\">\r\n                            <div class=\"upper\">\r\n                                                                <div class=\"background-title-subtitle\" style=\"background-color:\">\r\n                                    <div class=\"title\">\r\n                                        <h1>Aviso legal<\/h1>\n                                    <\/div>\r\n                                                                                                        <\/div>\r\n                                                            <\/div>\r\n                        <\/div>\r\n                    <\/div>\r\n                <\/div>\r\n            <\/div>\r\n        <\/div>\r\n\r\n    \r\n    <style>\r\n    #M04-block_6d66459a97ff80f79b3c694dc522f537 {\r\n        margin-top:px;\r\n        margin-bottom:px;\r\n        padding-top:px;\r\n        padding-bottom:px\r\n    }\r\n    @media screen and (max-width: 768px) {\r\n    #M04-block_6d66459a97ff80f79b3c694dc522f537 {\r\n        margin-top:px;\r\n        margin-bottom:px;\r\n        padding-top:px;\r\n        padding-bottom:px;\r\n    }\r\n    }\r\n<\/style><\/div>\r\n<style>\r\n    .imgHeader {\r\n        background-position-x: center;\r\n        background-position-y: center;\r\n    }\r\n<\/style>\n\n<div id=\"M05-block_93a5d88e2b48aa7b2bc6696b10fb41ab\" class=\"M05 v01\" style=\"background-color: #FFFFFF;color:#5D5F5C\">\r\n\r\n        <div class=\"container\">\r\n        <div class=\"row align-items-start\">\r\n            <div class=\"col-12 col-lg-5 order-1 order-lg-1\">\r\n                            <\/div>\r\n            <div class=\"col-12 col-lg-6 order-2 order-lg-2 ms-lg-auto\">\r\n                <div class=\"info\">\r\n                    <div class=\"body\">\r\n                                                                                                    <div class=\"title\">\r\n                                <h2><span style=\"color: #000000;\">1. Titularidad<\/span><\/h2>\n                            <\/div>\r\n                                                                                                <div class=\"text\">\r\n                            <p>El presente sitio web es titularidad de The Other Spain S.L., (en adelante, The Other Spain) sita en Calle de Castell\u00f3, 50, Bajo Izq, Salamanca, 28001 Madrid, con CIF B86932274 inscrita en el<\/p>\n<p>Registro Mercantil de Madrid. Inscripci\u00f3n 1\u00aa, Tomo 32.020, Libro 0, Folio 65, Secci\u00f3n 8, Hoja n\u00famero M-576134.<\/p>\n<p>El acceso y la utilizaci\u00f3n de esta p\u00e1gina web (\u201cla p\u00e1gina web de <a href=\"https:\/\/theotherspaintours.com\/\">https:\/\/theotherspaintours.com\/<\/a>\u201d) implican la aceptaci\u00f3n sin limitaciones ni reservas de las presentes normas. Por consiguiente, el acceso a la p\u00e1gina web de The Other Spain est\u00e1 sometido tanto a estas normas como a la legislaci\u00f3n aplicable.<\/p>\n<p>La p\u00e1gina web The Other Spain contiene informaci\u00f3n relativa a los servicios de The Other Spain.<\/p>\n<p>The Other Spain act\u00faa bajo el principio de buena fe, y realiza sus mayores esfuerzos para que las informaciones, contenidos y datos que aparecen en la p\u00e1gina web se encuentren debidamente revisados antes de su publicaci\u00f3n. Sin embargo y a pesar de emplear toda la diligencia debida, no es posible garantizar que la informaci\u00f3n de la p\u00e1gina web se encuentre absolutamente libre de erratas, errores tipogr\u00e1ficos y otros defectos equivalentes, por lo que The Other Spain recomienda a los Usuarios que est\u00e9n atentos a las posibles actualizaciones o rectificaciones que la p\u00e1gina web pueda incorporar.<\/p>\n                        <\/div>\r\n                    <\/div>\r\n                                    <\/div>\r\n            <\/div>\r\n        <\/div>\r\n    <\/div>\r\n    \r\n    <style>\r\n    #M05-block_93a5d88e2b48aa7b2bc6696b10fb41ab {\r\n        margin-top:px;\r\n        margin-bottom:px;\r\n        padding-top:px;\r\n        padding-bottom:px\r\n    }\r\n    @media screen and (max-width: 768px) {\r\n    #M05-block_93a5d88e2b48aa7b2bc6696b10fb41ab {\r\n        margin-top:px;\r\n        margin-bottom:px;\r\n        padding-top:px;\r\n        padding-bottom:px;\r\n    }\r\n    }\r\n<\/style><\/div>\r\n\n\n<div id=\"M05-block_11866de02415b999a1d672abbb1458a3\" class=\"M05 v01\" style=\"background-color: #FFFFFF;color:#5D5F5C\">\r\n\r\n        <div class=\"container\">\r\n        <div class=\"row align-items-start\">\r\n            <div class=\"col-12 col-lg-5 order-1 order-lg-1\">\r\n                            <\/div>\r\n            <div class=\"col-12 col-lg-6 order-2 order-lg-2 ms-lg-auto\">\r\n                <div class=\"info\">\r\n                    <div class=\"body\">\r\n                                                                                                    <div class=\"title\">\r\n                                <h2><span style=\"color: #000000;\">2. Objeto<\/span><\/h2>\n                            <\/div>\r\n                                                                                                <div class=\"text\">\r\n                            <p>El presente sitio web y la informaci\u00f3n contenida en el mismo tienen car\u00e1cter meramente informativo sobre los servicios que presta The Other Spain. The Other Spain presta los servicios en cumplimiento de la legislaci\u00f3n espa\u00f1ola.<\/p>\n<p>La persona que acceda a este sitio web tendr\u00e1 la consideraci\u00f3n de Usuario. La utilizaci\u00f3n de la web comporta la aceptaci\u00f3n de las condiciones previstas en el presente aviso legal. Por este motivo, le rogamos que lea su contenido con atenci\u00f3n y que acceda a la web para utilizarla \u00fanicamente si est\u00e1 conforme con \u00e9l.<\/p>\n                        <\/div>\r\n                    <\/div>\r\n                                    <\/div>\r\n            <\/div>\r\n        <\/div>\r\n    <\/div>\r\n    \r\n    <style>\r\n    #M05-block_11866de02415b999a1d672abbb1458a3 {\r\n        margin-top:px;\r\n        margin-bottom:px;\r\n        padding-top:px;\r\n        padding-bottom:px\r\n    }\r\n    @media screen and (max-width: 768px) {\r\n    #M05-block_11866de02415b999a1d672abbb1458a3 {\r\n        margin-top:px;\r\n        margin-bottom:px;\r\n        padding-top:px;\r\n        padding-bottom:px;\r\n    }\r\n    }\r\n<\/style><\/div>\r\n\n\n<div id=\"M05-block_037247b10b1de52190d85de4d578b65f\" class=\"M05 v01\" style=\"background-color: #FFFFFF;color:#5D5F5C\">\r\n\r\n        <div class=\"container\">\r\n        <div class=\"row align-items-start\">\r\n            <div class=\"col-12 col-lg-5 order-1 order-lg-1\">\r\n                            <\/div>\r\n            <div class=\"col-12 col-lg-6 order-2 order-lg-2 ms-lg-auto\">\r\n                <div class=\"info\">\r\n                    <div class=\"body\">\r\n                                                                                                    <div class=\"title\">\r\n                                <h2><span style=\"color: #000000;\">3. Condiciones de uso del sitio web<\/span><\/h2>\n                            <\/div>\r\n                                                                                                <div class=\"text\">\r\n                            <p>Queda expresamente prohibido el uso del Sitio web con fines lesivos de bienes o intereses de The Other Spain o de terceros o que de cualquier otra forma sobrecarguen, da\u00f1en o inutilicen las redes, servidores y dem\u00e1s equipos inform\u00e1ticos (hardware) o productos y aplicaciones inform\u00e1ticas (software) de The Other Spain, o de terceros.<\/p>\n<p>El Usuario asume la responsabilidad del uso de la web. El Usuario se compromete a hacer un uso adecuado de los contenidos y servicios que The Other Spain ofrece a trav\u00e9s de su web y con car\u00e1cter enunciativo, pero no limitativo, a no emplearlos para:<\/p>\n<ol>\n<li>Incurrir en actividades il\u00edcitas, ilegales o contrarias a la buena fe y al orden p\u00fablico;<\/li>\n<li>Difundir contenidos o propaganda de car\u00e1cter racista, xen\u00f3fobo, pornogr\u00e1fico-ilegal, de apolog\u00eda del terrorismo o atentatorio contra los derechos humanos;<\/li>\n<li>Provocar da\u00f1os en los sistemas f\u00edsicos y l\u00f3gicos de The Other Spain, de sus proveedores o de terceras personas, introducir o difundir en la red virus inform\u00e1ticos o cualesquiera otros sistemas f\u00edsicos o l\u00f3gicos que sean susceptibles de provocar los da\u00f1os anteriormente mencionados.<\/li>\n<\/ol>\n<p>The Other Spain perseguir\u00e1 el incumplimiento de las presentes condiciones, as\u00ed como cualquier utilizaci\u00f3n indebida de su web ejerciendo todas las acciones civiles y penales que le puedan corresponder en derecho.<\/p>\n                        <\/div>\r\n                    <\/div>\r\n                                    <\/div>\r\n            <\/div>\r\n        <\/div>\r\n    <\/div>\r\n    \r\n    <style>\r\n    #M05-block_037247b10b1de52190d85de4d578b65f {\r\n        margin-top:px;\r\n        margin-bottom:px;\r\n        padding-top:px;\r\n        padding-bottom:px\r\n    }\r\n    @media screen and (max-width: 768px) {\r\n    #M05-block_037247b10b1de52190d85de4d578b65f {\r\n        margin-top:px;\r\n        margin-bottom:px;\r\n        padding-top:px;\r\n        padding-bottom:px;\r\n    }\r\n    }\r\n<\/style><\/div>\r\n\n\n<div id=\"M05-block_43b54a0fbd776502f1ac773cc7eb0aa6\" class=\"M05 v01\" style=\"background-color: #ffffff;color:#5D5F5C\">\r\n\r\n        <div class=\"container\">\r\n        <div class=\"row align-items-start\">\r\n            <div class=\"col-12 col-lg-5 order-1 order-lg-1\">\r\n                            <\/div>\r\n            <div class=\"col-12 col-lg-6 order-2 order-lg-2 ms-lg-auto\">\r\n                <div class=\"info\">\r\n                    <div class=\"body\">\r\n                                                                                                    <div class=\"title\">\r\n                                <h2><span style=\"color: #000000;\">4. Utilizaci\u00f3n de cookies<\/span><\/h2>\n                            <\/div>\r\n                                                                                                <div class=\"text\">\r\n                            <p>The Other Spain utiliza cookies para poder rastrear las rutas seguidas por los Usuarios de la p\u00e1gina web para realizar un registro de la actividad de los Usuarios de la p\u00e1gina web y para evaluar y mejorar dicha p\u00e1gina con el fin de hacerla m\u00e1s \u00fatil para los Usuarios. Para m\u00e1s informaci\u00f3n, consulte la <a href=\"https:\/\/theotherspaintours.com\/es\/politica-de-cookies\/\">Pol\u00edtica de Cookies. <\/a><\/p>\n                        <\/div>\r\n                    <\/div>\r\n                                    <\/div>\r\n            <\/div>\r\n        <\/div>\r\n    <\/div>\r\n    \r\n    <style>\r\n    #M05-block_43b54a0fbd776502f1ac773cc7eb0aa6 {\r\n        margin-top:px;\r\n        margin-bottom:px;\r\n        padding-top:px;\r\n        padding-bottom:px\r\n    }\r\n    @media screen and (max-width: 768px) {\r\n    #M05-block_43b54a0fbd776502f1ac773cc7eb0aa6 {\r\n        margin-top:px;\r\n        margin-bottom:px;\r\n        padding-top:px;\r\n        padding-bottom:px;\r\n    }\r\n    }\r\n<\/style><\/div>\r\n\n\n<div id=\"M05-block_5a853f858f9e430d6da8db7bd4da62ba\" class=\"M05 v01\" style=\"background-color: #ffffff;color:#5D5F5C\">\r\n\r\n        <div class=\"container\">\r\n        <div class=\"row align-items-start\">\r\n            <div class=\"col-12 col-lg-5 order-1 order-lg-1\">\r\n                            <\/div>\r\n            <div class=\"col-12 col-lg-6 order-2 order-lg-2 ms-lg-auto\">\r\n                <div class=\"info\">\r\n                    <div class=\"body\">\r\n                                                                                                    <div class=\"title\">\r\n                                <h2><span style=\"color: #000000;\">5. Aviso relativo a los derechos de autor y los derechos sobre la propiedad industrial e intelectual<\/span><\/h2>\n                            <\/div>\r\n                                                                                                <div class=\"text\">\r\n                            <p>La presentaci\u00f3n y la totalidad del contenido de esta p\u00e1gina web est\u00e1n protegidos por los derechos sobre la propiedad industrial e intelectual. S\u00f3lo est\u00e1 permitido utilizar la informaci\u00f3n, el texto, las im\u00e1genes, el c\u00f3digo y los gr\u00e1ficos contenidos en esta p\u00e1gina web para el uso personal y de car\u00e1cter no comercial.<\/p>\n<p>No est\u00e1 permitido reproducir, modificar, transmitir o publicar tales contenidos, total o parcialmente, ni conceder licencias sobre los mismos, para cualesquiera fines sin la autorizaci\u00f3n previa por escrito de The Other Spain, salvo para su visualizaci\u00f3n. Se considera restringido el uso de las im\u00e1genes de la p\u00e1gina web oficial de The Other Spain.<\/p>\n                        <\/div>\r\n                    <\/div>\r\n                                    <\/div>\r\n            <\/div>\r\n        <\/div>\r\n    <\/div>\r\n    \r\n    <style>\r\n    #M05-block_5a853f858f9e430d6da8db7bd4da62ba {\r\n        margin-top:px;\r\n        margin-bottom:px;\r\n        padding-top:px;\r\n        padding-bottom:px\r\n    }\r\n    @media screen and (max-width: 768px) {\r\n    #M05-block_5a853f858f9e430d6da8db7bd4da62ba {\r\n        margin-top:px;\r\n        margin-bottom:px;\r\n        padding-top:px;\r\n        padding-bottom:px;\r\n    }\r\n    }\r\n<\/style><\/div>\r\n\n\n<div id=\"M05-block_72b1701a971abf1a83f896cb9eb79842\" class=\"M05 v01\" style=\"background-color: #ffffff;color:#5D5F5C\">\r\n\r\n        <div class=\"container\">\r\n        <div class=\"row align-items-start\">\r\n            <div class=\"col-12 col-lg-5 order-1 order-lg-1\">\r\n                            <\/div>\r\n            <div class=\"col-12 col-lg-6 order-2 order-lg-2 ms-lg-auto\">\r\n                <div class=\"info\">\r\n                    <div class=\"body\">\r\n                                                                                                    <div class=\"title\">\r\n                                <h2><span style=\"color: #000000;\">6. Limitaci\u00f3n de responsabilidad<\/span><\/h2>\n                            <\/div>\r\n                                                                                                <div class=\"text\">\r\n                            <p>The Other Spain no se responsabiliza frente a los Usuarios bajo ninguna modalidad por ning\u00fan da\u00f1o, menoscabo total o parcial por la informaci\u00f3n contenida, obtenida o facilitada a trav\u00e9s del sitio web; por la ca\u00edda del servicio, la omisi\u00f3n, la interrupci\u00f3n, la ausencia o la prestaci\u00f3n incorrecta o defectuosa del servicio de las telecomunicaciones, ni por virus inform\u00e1tico. The Other Spain no se responsabiliza del uso ni la mala fe en la utilizaci\u00f3n de la web.<\/p>\n<p>The Other Spain se reserva el derecho a actualizar, modificar, limitar, eliminar, restringir e impedir el acceso a informaci\u00f3n o documentaci\u00f3n contenida en el sitio web, con car\u00e1cter parcial o total y de forma temporal o definitiva, sin necesidad de previo aviso. The Other Spain no garantiza la veracidad, la integridad ni la exactitud de la informaci\u00f3n contenida en el presente sitio web y declina expresamente cualquier responsabilidad por la informaci\u00f3n contenida en el presente sitio web, ya sea por error o por omisi\u00f3n.<\/p>\n                        <\/div>\r\n                    <\/div>\r\n                                    <\/div>\r\n            <\/div>\r\n        <\/div>\r\n    <\/div>\r\n    \r\n    <style>\r\n    #M05-block_72b1701a971abf1a83f896cb9eb79842 {\r\n        margin-top:px;\r\n        margin-bottom:px;\r\n        padding-top:px;\r\n        padding-bottom:px\r\n    }\r\n    @media screen and (max-width: 768px) {\r\n    #M05-block_72b1701a971abf1a83f896cb9eb79842 {\r\n        margin-top:px;\r\n        margin-bottom:px;\r\n        padding-top:px;\r\n        padding-bottom:px;\r\n    }\r\n    }\r\n<\/style><\/div>\r\n\n\n<div id=\"M05-block_06c4a34f61720ffefdc9973f966f6071\" class=\"M05 v01\" style=\"background-color: #ffffff;color:#5D5F5C\">\r\n\r\n        <div class=\"container\">\r\n        <div class=\"row align-items-start\">\r\n            <div class=\"col-12 col-lg-5 order-1 order-lg-1\">\r\n                            <\/div>\r\n            <div class=\"col-12 col-lg-6 order-2 order-lg-2 ms-lg-auto\">\r\n                <div class=\"info\">\r\n                    <div class=\"body\">\r\n                                                                                                    <div class=\"title\">\r\n                                <h2><span style=\"color: #000000;\">7. Jurisdicci\u00f3n y legislaci\u00f3n aplicable<\/span><\/h2>\n                            <\/div>\r\n                                                                                                <div class=\"text\">\r\n                            <p>El presente aviso legal y las condiciones se regir\u00e1n por la legislaci\u00f3n espa\u00f1ola con renuncia expresa a cualquier otro fuero, y se someten a la jurisdicci\u00f3n de los juzgados y tribunales del domicilio social de Madrid para cualquier cuesti\u00f3n o controversia que pudiera derivarse del acceso o uso de la p\u00e1gina web, respetando en todo caso los fueros legales que pudieran corresponder.<\/p>\n                        <\/div>\r\n                    <\/div>\r\n                                    <\/div>\r\n            <\/div>\r\n        <\/div>\r\n    <\/div>\r\n    \r\n    <style>\r\n    #M05-block_06c4a34f61720ffefdc9973f966f6071 {\r\n        margin-top:px;\r\n        margin-bottom:px;\r\n        padding-top:px;\r\n        padding-bottom:px\r\n    }\r\n    @media screen and (max-width: 768px) {\r\n    #M05-block_06c4a34f61720ffefdc9973f966f6071 {\r\n        margin-top:px;\r\n        margin-bottom:px;\r\n        padding-top:px;\r\n        padding-bottom:px;\r\n    }\r\n    }\r\n<\/style><\/div>\r\n","protected":false},"excerpt":{"rendered":"","protected":false},"author":2,"featured_media":0,"parent":0,"menu_order":0,"comment_status":"closed","ping_status":"closed","template":"","meta":{"_acf_changed":false,"footnotes":""},"class_list":["post-2608","page","type-page","status-publish","hentry"],"acf":[],"yoast_head":"<!-- This site is optimized with the Yoast SEO plugin v27.4 - https:\/\/yoast.com\/product\/yoast-seo-wordpress\/ -->\n<title>Aviso Legal - The Other Spain<\/title>\n<meta name=\"robots\" content=\"index, follow, max-snippet:-1, max-image-preview:large, max-video-preview:-1\" \/>\n<link rel=\"canonical\" href=\"https:\/\/theotherspaintours.com\/es\/aviso-legal\/\" \/>\n<meta property=\"og:locale\" content=\"es_ES\" \/>\n<meta property=\"og:type\" content=\"article\" \/>\n<meta property=\"og:title\" content=\"Aviso Legal - The Other Spain\" \/>\n<meta property=\"og:url\" content=\"https:\/\/theotherspaintours.com\/es\/aviso-legal\/\" \/>\n<meta property=\"og:site_name\" content=\"The Other Spain\" \/>\n<meta property=\"article:modified_time\" content=\"2025-09-04T08:52:09+00:00\" \/>\n<meta property=\"og:image\" content=\"https:\/\/theotherspaintours.com\/wp-content\/uploads\/2025\/09\/spain-naranja.webp\" \/>\n\t<meta property=\"og:image:width\" content=\"1201\" \/>\n\t<meta property=\"og:image:height\" content=\"631\" \/>\n\t<meta property=\"og:image:type\" content=\"image\/webp\" \/>\n<meta name=\"twitter:card\" content=\"summary_large_image\" \/>\n<script type=\"application\/ld+json\" class=\"yoast-schema-graph\">{\"@context\":\"https:\\\/\\\/schema.org\",\"@graph\":[{\"@type\":\"WebPage\",\"@id\":\"https:\\\/\\\/theotherspaintours.com\\\/es\\\/aviso-legal\\\/\",\"url\":\"https:\\\/\\\/theotherspaintours.com\\\/es\\\/aviso-legal\\\/\",\"name\":\"Aviso Legal - The Other Spain\",\"isPartOf\":{\"@id\":\"https:\\\/\\\/theotherspaintours.com\\\/es\\\/#website\"},\"datePublished\":\"2025-02-04T08:16:58+00:00\",\"dateModified\":\"2025-09-04T08:52:09+00:00\",\"breadcrumb\":{\"@id\":\"https:\\\/\\\/theotherspaintours.com\\\/es\\\/aviso-legal\\\/#breadcrumb\"},\"inLanguage\":\"es\",\"potentialAction\":[{\"@type\":\"ReadAction\",\"target\":[\"https:\\\/\\\/theotherspaintours.com\\\/es\\\/aviso-legal\\\/\"]}]},{\"@type\":\"BreadcrumbList\",\"@id\":\"https:\\\/\\\/theotherspaintours.com\\\/es\\\/aviso-legal\\\/#breadcrumb\",\"itemListElement\":[{\"@type\":\"ListItem\",\"position\":1,\"name\":\"Portada\",\"item\":\"https:\\\/\\\/theotherspaintours.com\\\/es\\\/home\\\/\"},{\"@type\":\"ListItem\",\"position\":2,\"name\":\"Aviso Legal\"}]},{\"@type\":\"WebSite\",\"@id\":\"https:\\\/\\\/theotherspaintours.com\\\/es\\\/#website\",\"url\":\"https:\\\/\\\/theotherspaintours.com\\\/es\\\/\",\"name\":\"The Other Spain\",\"description\":\"Another way to discover Spain\",\"publisher\":{\"@id\":\"https:\\\/\\\/theotherspaintours.com\\\/es\\\/#organization\"},\"potentialAction\":[{\"@type\":\"SearchAction\",\"target\":{\"@type\":\"EntryPoint\",\"urlTemplate\":\"https:\\\/\\\/theotherspaintours.com\\\/es\\\/?s={search_term_string}\"},\"query-input\":{\"@type\":\"PropertyValueSpecification\",\"valueRequired\":true,\"valueName\":\"search_term_string\"}}],\"inLanguage\":\"es\"},{\"@type\":\"Organization\",\"@id\":\"https:\\\/\\\/theotherspaintours.com\\\/es\\\/#organization\",\"name\":\"The Other Spain\",\"url\":\"https:\\\/\\\/theotherspaintours.com\\\/es\\\/\",\"logo\":{\"@type\":\"ImageObject\",\"inLanguage\":\"es\",\"@id\":\"https:\\\/\\\/theotherspaintours.com\\\/es\\\/#\\\/schema\\\/logo\\\/image\\\/\",\"url\":\"https:\\\/\\\/theotherspaintours.com\\\/wp-content\\\/uploads\\\/2025\\\/02\\\/header-logo.png\",\"contentUrl\":\"https:\\\/\\\/theotherspaintours.com\\\/wp-content\\\/uploads\\\/2025\\\/02\\\/header-logo.png\",\"width\":48,\"height\":42,\"caption\":\"The Other Spain\"},\"image\":{\"@id\":\"https:\\\/\\\/theotherspaintours.com\\\/es\\\/#\\\/schema\\\/logo\\\/image\\\/\"}}]}<\/script>\n<!-- \/ Yoast SEO plugin. -->","yoast_head_json":{"title":"Aviso Legal - The Other Spain","robots":{"index":"index","follow":"follow","max-snippet":"max-snippet:-1","max-image-preview":"max-image-preview:large","max-video-preview":"max-video-preview:-1"},"canonical":"https:\/\/theotherspaintours.com\/es\/aviso-legal\/","og_locale":"es_ES","og_type":"article","og_title":"Aviso Legal - The Other Spain","og_url":"https:\/\/theotherspaintours.com\/es\/aviso-legal\/","og_site_name":"The Other Spain","article_modified_time":"2025-09-04T08:52:09+00:00","og_image":[{"width":1201,"height":631,"url":"https:\/\/theotherspaintours.com\/wp-content\/uploads\/2025\/09\/spain-naranja.webp","type":"image\/webp"}],"twitter_card":"summary_large_image","schema":{"@context":"https:\/\/schema.org","@graph":[{"@type":"WebPage","@id":"https:\/\/theotherspaintours.com\/es\/aviso-legal\/","url":"https:\/\/theotherspaintours.com\/es\/aviso-legal\/","name":"Aviso Legal - The Other Spain","isPartOf":{"@id":"https:\/\/theotherspaintours.com\/es\/#website"},"datePublished":"2025-02-04T08:16:58+00:00","dateModified":"2025-09-04T08:52:09+00:00","breadcrumb":{"@id":"https:\/\/theotherspaintours.com\/es\/aviso-legal\/#breadcrumb"},"inLanguage":"es","potentialAction":[{"@type":"ReadAction","target":["https:\/\/theotherspaintours.com\/es\/aviso-legal\/"]}]},{"@type":"BreadcrumbList","@id":"https:\/\/theotherspaintours.com\/es\/aviso-legal\/#breadcrumb","itemListElement":[{"@type":"ListItem","position":1,"name":"Portada","item":"https:\/\/theotherspaintours.com\/es\/home\/"},{"@type":"ListItem","position":2,"name":"Aviso Legal"}]},{"@type":"WebSite","@id":"https:\/\/theotherspaintours.com\/es\/#website","url":"https:\/\/theotherspaintours.com\/es\/","name":"The Other Spain","description":"Another way to discover Spain","publisher":{"@id":"https:\/\/theotherspaintours.com\/es\/#organization"},"potentialAction":[{"@type":"SearchAction","target":{"@type":"EntryPoint","urlTemplate":"https:\/\/theotherspaintours.com\/es\/?s={search_term_string}"},"query-input":{"@type":"PropertyValueSpecification","valueRequired":true,"valueName":"search_term_string"}}],"inLanguage":"es"},{"@type":"Organization","@id":"https:\/\/theotherspaintours.com\/es\/#organization","name":"The Other Spain","url":"https:\/\/theotherspaintours.com\/es\/","logo":{"@type":"ImageObject","inLanguage":"es","@id":"https:\/\/theotherspaintours.com\/es\/#\/schema\/logo\/image\/","url":"https:\/\/theotherspaintours.com\/wp-content\/uploads\/2025\/02\/header-logo.png","contentUrl":"https:\/\/theotherspaintours.com\/wp-content\/uploads\/2025\/02\/header-logo.png","width":48,"height":42,"caption":"The Other Spain"},"image":{"@id":"https:\/\/theotherspaintours.com\/es\/#\/schema\/logo\/image\/"}}]}},"_links":{"self":[{"href":"https:\/\/theotherspaintours.com\/es\/wp-json\/wp\/v2\/pages\/2608","targetHints":{"allow":["GET"]}}],"collection":[{"href":"https:\/\/theotherspaintours.com\/es\/wp-json\/wp\/v2\/pages"}],"about":[{"href":"https:\/\/theotherspaintours.com\/es\/wp-json\/wp\/v2\/types\/page"}],"author":[{"embeddable":true,"href":"https:\/\/theotherspaintours.com\/es\/wp-json\/wp\/v2\/users\/2"}],"replies":[{"embeddable":true,"href":"https:\/\/theotherspaintours.com\/es\/wp-json\/wp\/v2\/comments?post=2608"}],"version-history":[{"count":0,"href":"https:\/\/theotherspaintours.com\/es\/wp-json\/wp\/v2\/pages\/2608\/revisions"}],"wp:attachment":[{"href":"https:\/\/theotherspaintours.com\/es\/wp-json\/wp\/v2\/media?parent=2608"}],"curies":[{"name":"wp","href":"https:\/\/api.w.org\/{rel}","templated":true}]}}