{"id":1092,"date":"2025-02-04T09:14:42","date_gmt":"2025-02-04T08:14:42","guid":{"rendered":"https:\/\/theotherspaintours.com\/about-us\/"},"modified":"2026-03-12T17:08:59","modified_gmt":"2026-03-12T16:08:59","slug":"quienes-somos","status":"publish","type":"page","link":"https:\/\/theotherspaintours.com\/es\/quienes-somos\/","title":{"rendered":"Qui\u00e9nes somos"},"content":{"rendered":"<div id=\"M04-block_5e561e093cc498304e5b8f87fb518ccb\" class=\"M04\">\r\n        <div class=\"v01\" style=\"background-image:url(https:\/\/theotherspaintours.com\/wp-content\/uploads\/2026\/03\/2.webp)\">\r\n                <div class=\"upper\">\r\n            <div class=\"container\">\r\n                <div class=\"row\">\r\n                    <div class=\"col-12 d-flex flex-column align-items-center\">\r\n                                                <div class=\"title\">\r\n                            <h1>Qui\u00e9nes somos<\/h1>\n                        <\/div>\r\n                                                                    <\/div>\r\n                <\/div>\r\n            <\/div>\r\n        <\/div>\r\n            <\/div>\r\n\r\n    \r\n    <style>\r\n    #M04-block_5e561e093cc498304e5b8f87fb518ccb {\r\n        margin-top:px;\r\n        margin-bottom:px;\r\n        padding-top:px;\r\n        padding-bottom:px\r\n    }\r\n    @media screen and (max-width: 768px) {\r\n    #M04-block_5e561e093cc498304e5b8f87fb518ccb {\r\n        margin-top:px;\r\n        margin-bottom:px;\r\n        padding-top:px;\r\n        padding-bottom:px;\r\n    }\r\n    }\r\n<\/style><\/div>\r\n<style>\r\n    .imgHeader {\r\n        background-position-x: center;\r\n        background-position-y: center;\r\n    }\r\n<\/style>\n\n<div id=\"M05-block_c59553c4ac959bdea530f00dc220c632\" class=\"M05 v01\" style=\"background-color: #FFFFFF;color:#5D5F5C\">\r\n\r\n        <div class=\"container\">\r\n        <div class=\"row align-items-start\">\r\n            <div class=\"col-12 col-lg-5 order-1 order-lg-1\">\r\n                                    <img decoding=\"async\" width=\"1024\" height=\"1024\" src=\"https:\/\/theotherspaintours.com\/wp-content\/uploads\/2025\/10\/prodigiosaia_complete_the_image_-ar_11_-v_7_8cdcf2da-c5a3-45dd-8a0e-7fdc04562240_0.png\" class=\"image img-full\" alt=\"\" loading=\"lazy\" srcset=\"https:\/\/theotherspaintours.com\/wp-content\/uploads\/2025\/10\/prodigiosaia_complete_the_image_-ar_11_-v_7_8cdcf2da-c5a3-45dd-8a0e-7fdc04562240_0.png 1024w, https:\/\/theotherspaintours.com\/wp-content\/uploads\/2025\/10\/prodigiosaia_complete_the_image_-ar_11_-v_7_8cdcf2da-c5a3-45dd-8a0e-7fdc04562240_0-300x300.png 300w, https:\/\/theotherspaintours.com\/wp-content\/uploads\/2025\/10\/prodigiosaia_complete_the_image_-ar_11_-v_7_8cdcf2da-c5a3-45dd-8a0e-7fdc04562240_0-150x150.png 150w, https:\/\/theotherspaintours.com\/wp-content\/uploads\/2025\/10\/prodigiosaia_complete_the_image_-ar_11_-v_7_8cdcf2da-c5a3-45dd-8a0e-7fdc04562240_0-768x768.png 768w, https:\/\/theotherspaintours.com\/wp-content\/uploads\/2025\/10\/prodigiosaia_complete_the_image_-ar_11_-v_7_8cdcf2da-c5a3-45dd-8a0e-7fdc04562240_0-100x100.png 100w\" sizes=\"auto, (max-width: 1024px) 100vw, 1024px\" \/>                            <\/div>\r\n            <div class=\"col-12 col-lg-6 order-2 order-lg-2 ms-lg-auto\">\r\n                <div class=\"info\">\r\n                    <div class=\"body\">\r\n                                                                                                    <div class=\"title\">\r\n                                <h2><span style=\"color: #000000;\">As\u00ed empezamos&#8230;<\/span><\/h2>\n                            <\/div>\r\n                                                                                                <div class=\"text\">\r\n                            <p>The Other Spain naci\u00f3 en 2013 como una agencia receptiva especializada en mostrar una Espa\u00f1a diferente. Nuestro objetivo siempre fue alejarnos del turismo convencional y abrir las puertas del interior y norte del pa\u00eds a un p\u00fablico m\u00e1s exigente, en busca de experiencias aut\u00e9nticas.<\/p>\n<p>Desde el principio, nos enfocamos en crear rutas personalizadas que ofrecieran una mirada distinta: ciudades Patrimonio, paisajes naturales \u00fanicos y tradiciones vivas, lejos del t\u00edpico sol y playa.<\/p>\n<p>Nos dirigimos a viajeros internacionales interesados en cultura, arte, historia y gastronom\u00eda. Clientes que valoran la exclusividad, pero tambi\u00e9n la autenticidad.<\/p>\n<p>Detectamos una necesidad: los servicios privados de calidad eran dif\u00edciles de reservar con flexibilidad y resultaban caros para muchos viajeros.<\/p>\n<p>Quer\u00edamos facilitar el acceso a experiencias \u00fanicas, sin renunciar a la calidad, cercan\u00eda ni comodidad.<\/p>\n<p>As\u00ed naci\u00f3 nuestro modelo de peque\u00f1os grupos, con rutas dise\u00f1adas y operadas por nosotros bajo el nombre de The Other Spain Tours.<\/p>\n                        <\/div>\r\n                    <\/div>\r\n                                    <\/div>\r\n            <\/div>\r\n        <\/div>\r\n    <\/div>\r\n    \r\n    <style>\r\n    #M05-block_c59553c4ac959bdea530f00dc220c632 {\r\n        margin-top:px;\r\n        margin-bottom:px;\r\n        padding-top:px;\r\n        padding-bottom:px\r\n    }\r\n    @media screen and (max-width: 768px) {\r\n    #M05-block_c59553c4ac959bdea530f00dc220c632 {\r\n        margin-top:px;\r\n        margin-bottom:px;\r\n        padding-top:px;\r\n        padding-bottom:px;\r\n    }\r\n    }\r\n<\/style><\/div>\r\n\n\n<div id=\"M05-block_a329cb45170331c75539d50199e1962e\" class=\"M05 v01\" style=\"background-color: #FFFFFF;color:#5D5F5C\">\r\n\r\n        <div class=\"container\">\r\n        <div class=\"row align-items-start\">\r\n            <div class=\"col-12 col-lg-5 order-1 order-lg-2\">\r\n                                    <img decoding=\"async\" width=\"1152\" height=\"1002\" src=\"https:\/\/theotherspaintours.com\/wp-content\/uploads\/2025\/10\/Captura-2025-10-14-164206_1.39.1-1-e1760606432206-1.jpg\" class=\"image img-full\" alt=\"\" loading=\"lazy\" srcset=\"https:\/\/theotherspaintours.com\/wp-content\/uploads\/2025\/10\/Captura-2025-10-14-164206_1.39.1-1-e1760606432206-1.jpg 1152w, https:\/\/theotherspaintours.com\/wp-content\/uploads\/2025\/10\/Captura-2025-10-14-164206_1.39.1-1-e1760606432206-1-300x261.jpg 300w, https:\/\/theotherspaintours.com\/wp-content\/uploads\/2025\/10\/Captura-2025-10-14-164206_1.39.1-1-e1760606432206-1-1024x891.jpg 1024w, https:\/\/theotherspaintours.com\/wp-content\/uploads\/2025\/10\/Captura-2025-10-14-164206_1.39.1-1-e1760606432206-1-768x668.jpg 768w\" sizes=\"auto, (max-width: 1152px) 100vw, 1152px\" \/>                            <\/div>\r\n            <div class=\"col-12 col-lg-6 order-2 order-lg-1 me-lg-auto\">\r\n                <div class=\"info\">\r\n                    <div class=\"body\">\r\n                                                                                                    <div class=\"title\">\r\n                                <h2>&#8230;y as\u00ed evolucionamos<\/h2>\n                            <\/div>\r\n                                                                                                <div class=\"text\">\r\n                            <p>The Other Spain Tours es hoy una plataforma de venta online centrada en rutas cercanas, con salidas diarias desde distintos puntos de Espa\u00f1a, para un m\u00e1ximo de 6 personas en veh\u00edculo privado y con gu\u00eda acompa\u00f1ante.<\/p>\n<p>Actualmente operamos desde Madrid hacia destinos emblem\u00e1ticos como Toledo, Segovia, \u00c1vila, Cuenca o Sig\u00fcenza, entre otros, combinando patrimonio, naturaleza y gastronom\u00eda, y cuidando cada detalle. Pr\u00f3ximamente abriremos m\u00e1s rutas que iremos anunciando.<\/p>\n<p>Cada itinerario est\u00e1 dise\u00f1ado para ofrecer una experiencia completa, pausada y cercana, pensada para viajeros que desean descubrir los destinos que visitan, de forma c\u00f3moda, tranquila, en un formato semiprivado, y a un precio m\u00e1s accesible.<\/p>\n<p>Asimismo, seguimos ofreciendo experiencias privadas y totalmente a medida, para quienes buscan una inmersi\u00f3n a\u00fan m\u00e1s exclusiva.<\/p>\n<p>Seguimos fieles a nuestra misi\u00f3n: dar a conocer una Espa\u00f1a diferente, aut\u00e9ntica, con un legado cultural, paisaj\u00edstico y culinario inigualable.<\/p>\n                        <\/div>\r\n                    <\/div>\r\n                                    <\/div>\r\n            <\/div>\r\n        <\/div>\r\n    <\/div>\r\n    \r\n    <style>\r\n    #M05-block_a329cb45170331c75539d50199e1962e {\r\n        margin-top:px;\r\n        margin-bottom:px;\r\n        padding-top:px;\r\n        padding-bottom:px\r\n    }\r\n    @media screen and (max-width: 768px) {\r\n    #M05-block_a329cb45170331c75539d50199e1962e {\r\n        margin-top:px;\r\n        margin-bottom:px;\r\n        padding-top:px;\r\n        padding-bottom:px;\r\n    }\r\n    }\r\n<\/style><\/div>\r\n\n\n<div id=\"M05-block_39f8d05d623fef33405d7a0af1ce06a6\" class=\"M05 v02-5\" style=\"background-color: #e2d4cb;color:#1c2222\">\r\n\r\n            <div class=\"container-fluid-left\">\r\n            <div class=\"row\">\r\n                <div class=\"col-12 col-lg-5 col-xxxl-6 order-1 pe-0 order-lg-1\">\r\n                                            <img decoding=\"async\" width=\"2560\" height=\"1440\" src=\"https:\/\/theotherspaintours.com\/wp-content\/uploads\/2026\/03\/3-scaled-1.png\" class=\"image img-full\" alt=\"\" loading=\"lazy\" srcset=\"https:\/\/theotherspaintours.com\/wp-content\/uploads\/2026\/03\/3-scaled-1.png 2560w, https:\/\/theotherspaintours.com\/wp-content\/uploads\/2026\/03\/3-scaled-1-300x169.png 300w, https:\/\/theotherspaintours.com\/wp-content\/uploads\/2026\/03\/3-scaled-1-1024x576.png 1024w, https:\/\/theotherspaintours.com\/wp-content\/uploads\/2026\/03\/3-scaled-1-768x432.png 768w, https:\/\/theotherspaintours.com\/wp-content\/uploads\/2026\/03\/3-scaled-1-1536x864.png 1536w, https:\/\/theotherspaintours.com\/wp-content\/uploads\/2026\/03\/3-scaled-1-2048x1152.png 2048w\" sizes=\"auto, (max-width: 2560px) 100vw, 2560px\" \/>                                    <\/div>\r\n                <div class=\"col-12 col-lg-6 order-2 ps-3 order-lg-2 ms-lg-auto\">\r\n                    <div class=\"info\">\r\n                        <div class=\"body\">\r\n                                                                                                                    <div class=\"title alternative\">\r\n                                    <h2>\u00bfPor qu\u00e9 The Other Spain?<\/h2>\n                                <\/div>\r\n                                                                                        <div class=\"subtitle alternative\">\r\n                                    <p>Te ense\u00f1amos la Espa\u00f1a m\u00e1s autentica a trav\u00e9s de experiencias memorables en grupos semiprivados<\/p>\n                                <\/div>\r\n                                                                                    <div class=\"text\">\r\n                                <p><strong>Grupos reducidos:<\/strong> Nuestros grupos son de un m\u00e1ximo de 6 personas, lo que nos permite un mayor acceso a determinados lugares y, a la vez, que el cliente obtenga una experiencia m\u00e1s \u00edntima con el lugar que visita.<\/p>\n<p><strong>Comodidad garantizada:<\/strong> Porque la aventura no est\u00e1 re\u00f1ida con la comodidad, todas nuestras visitas semiprivadas y privadas se llevan a cabo en Mercedes Viano Clase V.<\/p>\n<p><strong>M\u00e1s que gu\u00edas, anfitriones:<\/strong> Los gu\u00edas de The Other Spain no solo se caracterizan por su vasta cultura y su pasi\u00f3n por nuestro pa\u00eds, sino por su amabilidad y su hospitalidad con el viajero.<\/p>\n<p><strong>Riqueza gastron\u00f3mica:<\/strong> La cocina espa\u00f1ola es una de las m\u00e1s ricas y variadas del mundo, y a trav\u00e9s de nuestros tours queremos compartir contigo esta diversidad gastron\u00f3mica y cultural que tanto nos caracteriza y que nos hace \u00fanicos.<\/p>\n                            <\/div>\r\n                        <\/div>\r\n                                                    <div class=\"kpis\">\r\n                                <div class=\"left\">\r\n                                    <div class=\"kpi\">\r\n                                        <div class=\"pre-title\"><\/div>\r\n                                        <div class=\"title\"><\/div>\r\n                                    <\/div>\r\n                                <\/div>\r\n                                                                    <div class=\"right\">\r\n                                                                                    <div class=\"kpi\">\r\n                                                <div class=\"title\"><\/div>\r\n                                                <div class=\"subtitle\"><\/div>\r\n                                            <\/div>\r\n                                                                                    <div class=\"kpi\">\r\n                                                <div class=\"title\"><\/div>\r\n                                                <div class=\"subtitle\"><\/div>\r\n                                            <\/div>\r\n                                                                                    <div class=\"kpi\">\r\n                                                <div class=\"title\"><\/div>\r\n                                                <div class=\"subtitle\"><\/div>\r\n                                            <\/div>\r\n                                                                            <\/div>\r\n                                                            <\/div>\r\n                                            <\/div>\r\n                <\/div>\r\n            <\/div>\r\n        <\/div>\r\n    \r\n    <style>\r\n    #M05-block_39f8d05d623fef33405d7a0af1ce06a6 {\r\n        margin-top:px;\r\n        margin-bottom:px;\r\n        padding-top:px;\r\n        padding-bottom:px\r\n    }\r\n    @media screen and (max-width: 768px) {\r\n    #M05-block_39f8d05d623fef33405d7a0af1ce06a6 {\r\n        margin-top:px;\r\n        margin-bottom:px;\r\n        padding-top:px;\r\n        padding-bottom:px;\r\n    }\r\n    }\r\n<\/style><\/div>\r\n\n\n<div id=\"M05-block_cf689f7750567c00c3ab7d08a20e4e03\" class=\"M05 v03\" style=\"background-color: #FFFFFF;color:#5D5F5C\">\r\n\r\n            <div class=\"container\">\r\n            <div class=\"row\">\r\n                <div class=\"col-12\">\r\n                    <div class=\"body\">\r\n                                                                                                    <div class=\"title\">\r\n                                <h3><span style=\"color: #000000;\">Si necesitas<\/span><br \/>\n<span style=\"color: #000000;\"><em>m\u00e1s informaci\u00f3n<\/em><\/span><\/h3>\n                            <\/div>\r\n                                                                            <div class=\"subtitle\">\r\n                                <p>No dudes en contactar con nosotros<\/p>\n                            <\/div>\r\n                                                                                                <div class=\"text\">\r\n                            <p>hola@theotherspaintours.com<\/p>\n                        <\/div>\r\n                                            <\/div>\r\n                <\/div>\r\n            <\/div>\r\n        <\/div>\r\n    \r\n    <style>\r\n    #M05-block_cf689f7750567c00c3ab7d08a20e4e03 {\r\n        margin-top:px;\r\n        margin-bottom:px;\r\n        padding-top:px;\r\n        padding-bottom:px\r\n    }\r\n    @media screen and (max-width: 768px) {\r\n    #M05-block_cf689f7750567c00c3ab7d08a20e4e03 {\r\n        margin-top:px;\r\n        margin-bottom:px;\r\n        padding-top:px;\r\n        padding-bottom:px;\r\n    }\r\n    }\r\n<\/style><\/div>\r\n","protected":false},"excerpt":{"rendered":"","protected":false},"author":2,"featured_media":7745,"parent":0,"menu_order":0,"comment_status":"closed","ping_status":"closed","template":"","meta":{"_acf_changed":false,"footnotes":""},"class_list":["post-1092","page","type-page","status-publish","has-post-thumbnail","hentry"],"acf":[],"yoast_head":"<!-- This site is optimized with the Yoast SEO plugin v27.4 - https:\/\/yoast.com\/product\/yoast-seo-wordpress\/ -->\n<title>Qui\u00e9nes somos - The Other Spain<\/title>\n<meta name=\"description\" content=\"Desde 2013, The Other Spain Tours crea viajes en grupos peque\u00f1os desde Madrid hacia patrimonio aut\u00e9ntico, naturaleza, cultura y gastronom\u00eda\" \/>\n<meta name=\"robots\" content=\"index, follow, max-snippet:-1, max-image-preview:large, max-video-preview:-1\" \/>\n<link rel=\"canonical\" href=\"https:\/\/theotherspaintours.com\/es\/quienes-somos\/\" \/>\n<meta property=\"og:locale\" content=\"es_ES\" \/>\n<meta property=\"og:type\" content=\"article\" \/>\n<meta property=\"og:title\" content=\"Qui\u00e9nes somos - The Other Spain\" \/>\n<meta property=\"og:description\" content=\"Desde 2013, The Other Spain Tours crea viajes en grupos peque\u00f1os desde Madrid hacia patrimonio aut\u00e9ntico, naturaleza, cultura y gastronom\u00eda\" \/>\n<meta property=\"og:url\" content=\"https:\/\/theotherspaintours.com\/es\/quienes-somos\/\" \/>\n<meta property=\"og:site_name\" content=\"The Other Spain\" \/>\n<meta property=\"article:modified_time\" content=\"2026-03-12T16:08:59+00:00\" \/>\n<meta property=\"og:image\" content=\"https:\/\/theotherspaintours.com\/wp-content\/uploads\/2025\/10\/Captura-2025-10-14-164206_1.39.1-e1760606240132.jpg\" \/>\n\t<meta property=\"og:image:width\" content=\"1920\" \/>\n\t<meta property=\"og:image:height\" content=\"784\" \/>\n\t<meta property=\"og:image:type\" content=\"image\/jpeg\" \/>\n<meta name=\"twitter:card\" content=\"summary_large_image\" \/>\n<meta name=\"twitter:label1\" content=\"Tiempo de lectura\" \/>\n\t<meta name=\"twitter:data1\" content=\"1 minuto\" \/>\n<script type=\"application\/ld+json\" class=\"yoast-schema-graph\">{\"@context\":\"https:\\\/\\\/schema.org\",\"@graph\":[{\"@type\":\"WebPage\",\"@id\":\"https:\\\/\\\/theotherspaintours.com\\\/es\\\/quienes-somos\\\/\",\"url\":\"https:\\\/\\\/theotherspaintours.com\\\/es\\\/quienes-somos\\\/\",\"name\":\"Qui\u00e9nes somos - The Other Spain\",\"isPartOf\":{\"@id\":\"https:\\\/\\\/theotherspaintours.com\\\/es\\\/#website\"},\"primaryImageOfPage\":{\"@id\":\"https:\\\/\\\/theotherspaintours.com\\\/es\\\/quienes-somos\\\/#primaryimage\"},\"image\":{\"@id\":\"https:\\\/\\\/theotherspaintours.com\\\/es\\\/quienes-somos\\\/#primaryimage\"},\"thumbnailUrl\":\"https:\\\/\\\/theotherspaintours.com\\\/wp-content\\\/uploads\\\/2025\\\/10\\\/Captura-2025-10-14-164206_1.39.1-e1760606240132.jpg\",\"datePublished\":\"2025-02-04T08:14:42+00:00\",\"dateModified\":\"2026-03-12T16:08:59+00:00\",\"description\":\"Desde 2013, The Other Spain Tours crea viajes en grupos peque\u00f1os desde Madrid hacia patrimonio aut\u00e9ntico, naturaleza, cultura y gastronom\u00eda\",\"breadcrumb\":{\"@id\":\"https:\\\/\\\/theotherspaintours.com\\\/es\\\/quienes-somos\\\/#breadcrumb\"},\"inLanguage\":\"es\",\"potentialAction\":[{\"@type\":\"ReadAction\",\"target\":[\"https:\\\/\\\/theotherspaintours.com\\\/es\\\/quienes-somos\\\/\"]}]},{\"@type\":\"ImageObject\",\"inLanguage\":\"es\",\"@id\":\"https:\\\/\\\/theotherspaintours.com\\\/es\\\/quienes-somos\\\/#primaryimage\",\"url\":\"https:\\\/\\\/theotherspaintours.com\\\/wp-content\\\/uploads\\\/2025\\\/10\\\/Captura-2025-10-14-164206_1.39.1-e1760606240132.jpg\",\"contentUrl\":\"https:\\\/\\\/theotherspaintours.com\\\/wp-content\\\/uploads\\\/2025\\\/10\\\/Captura-2025-10-14-164206_1.39.1-e1760606240132.jpg\",\"width\":1920,\"height\":784},{\"@type\":\"BreadcrumbList\",\"@id\":\"https:\\\/\\\/theotherspaintours.com\\\/es\\\/quienes-somos\\\/#breadcrumb\",\"itemListElement\":[{\"@type\":\"ListItem\",\"position\":1,\"name\":\"Portada\",\"item\":\"https:\\\/\\\/theotherspaintours.com\\\/es\\\/home\\\/\"},{\"@type\":\"ListItem\",\"position\":2,\"name\":\"Qui\u00e9nes somos\"}]},{\"@type\":\"WebSite\",\"@id\":\"https:\\\/\\\/theotherspaintours.com\\\/es\\\/#website\",\"url\":\"https:\\\/\\\/theotherspaintours.com\\\/es\\\/\",\"name\":\"The Other Spain\",\"description\":\"Another way to discover Spain\",\"publisher\":{\"@id\":\"https:\\\/\\\/theotherspaintours.com\\\/es\\\/#organization\"},\"potentialAction\":[{\"@type\":\"SearchAction\",\"target\":{\"@type\":\"EntryPoint\",\"urlTemplate\":\"https:\\\/\\\/theotherspaintours.com\\\/es\\\/?s={search_term_string}\"},\"query-input\":{\"@type\":\"PropertyValueSpecification\",\"valueRequired\":true,\"valueName\":\"search_term_string\"}}],\"inLanguage\":\"es\"},{\"@type\":\"Organization\",\"@id\":\"https:\\\/\\\/theotherspaintours.com\\\/es\\\/#organization\",\"name\":\"The Other Spain\",\"url\":\"https:\\\/\\\/theotherspaintours.com\\\/es\\\/\",\"logo\":{\"@type\":\"ImageObject\",\"inLanguage\":\"es\",\"@id\":\"https:\\\/\\\/theotherspaintours.com\\\/es\\\/#\\\/schema\\\/logo\\\/image\\\/\",\"url\":\"https:\\\/\\\/theotherspaintours.com\\\/wp-content\\\/uploads\\\/2025\\\/02\\\/header-logo.png\",\"contentUrl\":\"https:\\\/\\\/theotherspaintours.com\\\/wp-content\\\/uploads\\\/2025\\\/02\\\/header-logo.png\",\"width\":48,\"height\":42,\"caption\":\"The Other Spain\"},\"image\":{\"@id\":\"https:\\\/\\\/theotherspaintours.com\\\/es\\\/#\\\/schema\\\/logo\\\/image\\\/\"}}]}<\/script>\n<!-- \/ Yoast SEO plugin. -->","yoast_head_json":{"title":"Qui\u00e9nes somos - The Other Spain","description":"Desde 2013, The Other Spain Tours crea viajes en grupos peque\u00f1os desde Madrid hacia patrimonio aut\u00e9ntico, naturaleza, cultura y gastronom\u00eda","robots":{"index":"index","follow":"follow","max-snippet":"max-snippet:-1","max-image-preview":"max-image-preview:large","max-video-preview":"max-video-preview:-1"},"canonical":"https:\/\/theotherspaintours.com\/es\/quienes-somos\/","og_locale":"es_ES","og_type":"article","og_title":"Qui\u00e9nes somos - The Other Spain","og_description":"Desde 2013, The Other Spain Tours crea viajes en grupos peque\u00f1os desde Madrid hacia patrimonio aut\u00e9ntico, naturaleza, cultura y gastronom\u00eda","og_url":"https:\/\/theotherspaintours.com\/es\/quienes-somos\/","og_site_name":"The Other Spain","article_modified_time":"2026-03-12T16:08:59+00:00","og_image":[{"width":1920,"height":784,"url":"https:\/\/theotherspaintours.com\/wp-content\/uploads\/2025\/10\/Captura-2025-10-14-164206_1.39.1-e1760606240132.jpg","type":"image\/jpeg"}],"twitter_card":"summary_large_image","twitter_misc":{"Tiempo de lectura":"1 minuto"},"schema":{"@context":"https:\/\/schema.org","@graph":[{"@type":"WebPage","@id":"https:\/\/theotherspaintours.com\/es\/quienes-somos\/","url":"https:\/\/theotherspaintours.com\/es\/quienes-somos\/","name":"Qui\u00e9nes somos - The Other Spain","isPartOf":{"@id":"https:\/\/theotherspaintours.com\/es\/#website"},"primaryImageOfPage":{"@id":"https:\/\/theotherspaintours.com\/es\/quienes-somos\/#primaryimage"},"image":{"@id":"https:\/\/theotherspaintours.com\/es\/quienes-somos\/#primaryimage"},"thumbnailUrl":"https:\/\/theotherspaintours.com\/wp-content\/uploads\/2025\/10\/Captura-2025-10-14-164206_1.39.1-e1760606240132.jpg","datePublished":"2025-02-04T08:14:42+00:00","dateModified":"2026-03-12T16:08:59+00:00","description":"Desde 2013, The Other Spain Tours crea viajes en grupos peque\u00f1os desde Madrid hacia patrimonio aut\u00e9ntico, naturaleza, cultura y gastronom\u00eda","breadcrumb":{"@id":"https:\/\/theotherspaintours.com\/es\/quienes-somos\/#breadcrumb"},"inLanguage":"es","potentialAction":[{"@type":"ReadAction","target":["https:\/\/theotherspaintours.com\/es\/quienes-somos\/"]}]},{"@type":"ImageObject","inLanguage":"es","@id":"https:\/\/theotherspaintours.com\/es\/quienes-somos\/#primaryimage","url":"https:\/\/theotherspaintours.com\/wp-content\/uploads\/2025\/10\/Captura-2025-10-14-164206_1.39.1-e1760606240132.jpg","contentUrl":"https:\/\/theotherspaintours.com\/wp-content\/uploads\/2025\/10\/Captura-2025-10-14-164206_1.39.1-e1760606240132.jpg","width":1920,"height":784},{"@type":"BreadcrumbList","@id":"https:\/\/theotherspaintours.com\/es\/quienes-somos\/#breadcrumb","itemListElement":[{"@type":"ListItem","position":1,"name":"Portada","item":"https:\/\/theotherspaintours.com\/es\/home\/"},{"@type":"ListItem","position":2,"name":"Qui\u00e9nes somos"}]},{"@type":"WebSite","@id":"https:\/\/theotherspaintours.com\/es\/#website","url":"https:\/\/theotherspaintours.com\/es\/","name":"The Other Spain","description":"Another way to discover Spain","publisher":{"@id":"https:\/\/theotherspaintours.com\/es\/#organization"},"potentialAction":[{"@type":"SearchAction","target":{"@type":"EntryPoint","urlTemplate":"https:\/\/theotherspaintours.com\/es\/?s={search_term_string}"},"query-input":{"@type":"PropertyValueSpecification","valueRequired":true,"valueName":"search_term_string"}}],"inLanguage":"es"},{"@type":"Organization","@id":"https:\/\/theotherspaintours.com\/es\/#organization","name":"The Other Spain","url":"https:\/\/theotherspaintours.com\/es\/","logo":{"@type":"ImageObject","inLanguage":"es","@id":"https:\/\/theotherspaintours.com\/es\/#\/schema\/logo\/image\/","url":"https:\/\/theotherspaintours.com\/wp-content\/uploads\/2025\/02\/header-logo.png","contentUrl":"https:\/\/theotherspaintours.com\/wp-content\/uploads\/2025\/02\/header-logo.png","width":48,"height":42,"caption":"The Other Spain"},"image":{"@id":"https:\/\/theotherspaintours.com\/es\/#\/schema\/logo\/image\/"}}]}},"_links":{"self":[{"href":"https:\/\/theotherspaintours.com\/es\/wp-json\/wp\/v2\/pages\/1092","targetHints":{"allow":["GET"]}}],"collection":[{"href":"https:\/\/theotherspaintours.com\/es\/wp-json\/wp\/v2\/pages"}],"about":[{"href":"https:\/\/theotherspaintours.com\/es\/wp-json\/wp\/v2\/types\/page"}],"author":[{"embeddable":true,"href":"https:\/\/theotherspaintours.com\/es\/wp-json\/wp\/v2\/users\/2"}],"replies":[{"embeddable":true,"href":"https:\/\/theotherspaintours.com\/es\/wp-json\/wp\/v2\/comments?post=1092"}],"version-history":[{"count":0,"href":"https:\/\/theotherspaintours.com\/es\/wp-json\/wp\/v2\/pages\/1092\/revisions"}],"wp:featuredmedia":[{"embeddable":true,"href":"https:\/\/theotherspaintours.com\/es\/wp-json\/wp\/v2\/media\/7745"}],"wp:attachment":[{"href":"https:\/\/theotherspaintours.com\/es\/wp-json\/wp\/v2\/media?parent=1092"}],"curies":[{"name":"wp","href":"https:\/\/api.w.org\/{rel}","templated":true}]}}